{"id":46,"date":"2013-02-16T07:32:43","date_gmt":"2013-02-16T07:32:43","guid":{"rendered":"http:\/\/prezesm.kylos.pl\/chnk\/?page_id=46"},"modified":"2026-05-16T13:25:04","modified_gmt":"2026-05-16T13:25:04","slug":"nabozenstwa","status":"publish","type":"page","link":"https:\/\/www.chnk.pl\/?page_id=46","title":{"rendered":"Nabo\u017ce\u0144stwa"},"content":{"rendered":"<div class=\"wrapper\">\n<div class=\"body_wrapper\">\n<div class=\"container_24\">\n<div class=\"grid_24\">\n<div class=\"page-content\">\n<div class=\"grid_16 alpha\">\n<div class=\"content-bar\">\n<div id=\"post-2814\" class=\"post-2814 post type-post status-publish format-standard hentry category-uncategorized\">\n<div class=\"post_content single\">\n<div class=\"singleimgbox\">\n<p>&nbsp;<\/p>\n<p><strong>Msze \u015bw. w niedziele: o 8:00, 9:30, 11:15 i 17:00<\/strong>;<\/p>\n<p><strong>w dni powszednie:<\/strong><strong> 17.00, w \u015brod\u0119 8:00<\/strong>.<\/p>\n<p><strong>Nowenna do Matki Bo\u017cej Nieustaj\u0105cej Pomocy w \u015brody po mszy \u015bw. o 8.00;<\/strong><\/p>\n<p><strong>R\u00f3\u017caniec do Matki Bo\u017cej Patronki Dobrej \u015amierci we wtorki o 16.30.<\/strong><\/p>\n<p><strong>Biuro Parafialne czynne w tym tygodniu:<\/strong><\/p>\n<p><strong>poniedzia\u0142ek 08.30 &#8211; 09.30<\/strong><\/p>\n<p><strong>czwartek&nbsp; &nbsp; &nbsp; &nbsp; 15.30 &#8211; 16.30<\/strong><\/p>\n<p><strong>pi\u0105tek&nbsp; &nbsp; &nbsp; &nbsp; &nbsp; &nbsp; &nbsp; 17.30 &#8211; 18.30<\/strong><\/p>\n<p>&nbsp;<\/p>\n<p><strong>Spowied\u017a \u015bw. w tygodniu p\u00f3\u0142 godziny przed Msz\u0105 \u015bw. W soboty od 16:00\u201317:00. W niedziele przed Mszami \u015bw.<\/strong>&nbsp;<\/p>\n<div class=\"grid_16 alpha\">\n<div class=\"content-bar\">\n<div id=\"post-2814\" class=\"post-2814 post type-post status-publish format-standard hentry category-uncategorized\">\n<div class=\"post_content single\">\n<p>&nbsp;<\/p>\n<\/div>\n<\/div>\n<\/div>\n<\/div>\n<hr \/>\n<\/div>\n<p>&nbsp;<\/p>\n<p><strong><em><u>Msza \u015bw. niedzielna w godzinach p\u00f3\u017aniejszych w najbli\u017cszych parafiach.<\/u><\/em><\/strong><br \/>\n<strong>Parafia Pierwszych Polskich M\u0119czennik\u00f3w, os. Tysi\u0105clecia &#8211; godz. 20.00,&nbsp;&nbsp;&nbsp;&nbsp;&nbsp;&nbsp;&nbsp;&nbsp;&nbsp;&nbsp;&nbsp;&nbsp;&nbsp;&nbsp;&nbsp;&nbsp;&nbsp;<\/strong><\/p>\n<p><strong>Parafia \u015bw. \u0141ukasza, os. Rusa &#8211; godz. 20.30<\/strong><\/p>\n<\/div>\n<\/div>\n<\/div>\n<\/div>\n<p>&#8212;&#8212;&#8212;&#8212;&#8212;&#8212;&#8212;&#8212;&#8212;&#8212;&#8212;&#8212;&#8212;&nbsp; &nbsp; &nbsp; &nbsp; &nbsp; &nbsp;<\/p>\n<\/div>\n<\/div>\n<\/div>\n<\/div>\n<\/div>\n","protected":false},"excerpt":{"rendered":"<p>&nbsp; Msze \u015bw. w niedziele: o 8:00, 9:30, 11:15 i 17:00; w dni powszednie: 17.00, w \u015brod\u0119 8:00. Nowenna do Matki Bo\u017cej Nieustaj\u0105cej Pomocy w \u015brody po mszy \u015bw. o 8.00; R\u00f3\u017caniec do Matki Bo\u017cej Patronki Dobrej \u015amierci we wtorki o 16.30. Biuro Parafialne czynne w tym tygodniu: poniedzia\u0142ek 08.30 &#8211; 09.30 czwartek&nbsp; &nbsp; &nbsp; &#8230; <span class=\"more\"><a class=\"more-link\" href=\"https:\/\/www.chnk.pl\/?page_id=46\">czytaj wi\u0119cej<\/a><\/span><\/p>\n","protected":false},"author":1,"featured_media":0,"parent":0,"menu_order":0,"comment_status":"open","ping_status":"open","template":"","meta":{"ngg_post_thumbnail":0,"footnotes":""},"_links":{"self":[{"href":"https:\/\/www.chnk.pl\/index.php?rest_route=\/wp\/v2\/pages\/46"}],"collection":[{"href":"https:\/\/www.chnk.pl\/index.php?rest_route=\/wp\/v2\/pages"}],"about":[{"href":"https:\/\/www.chnk.pl\/index.php?rest_route=\/wp\/v2\/types\/page"}],"author":[{"embeddable":true,"href":"https:\/\/www.chnk.pl\/index.php?rest_route=\/wp\/v2\/users\/1"}],"replies":[{"embeddable":true,"href":"https:\/\/www.chnk.pl\/index.php?rest_route=%2Fwp%2Fv2%2Fcomments&post=46"}],"version-history":[{"count":52,"href":"https:\/\/www.chnk.pl\/index.php?rest_route=\/wp\/v2\/pages\/46\/revisions"}],"predecessor-version":[{"id":4697,"href":"https:\/\/www.chnk.pl\/index.php?rest_route=\/wp\/v2\/pages\/46\/revisions\/4697"}],"wp:attachment":[{"href":"https:\/\/www.chnk.pl\/index.php?rest_route=%2Fwp%2Fv2%2Fmedia&parent=46"}],"curies":[{"name":"wp","href":"https:\/\/api.w.org\/{rel}","templated":true}]}}