{"id":24,"date":"2013-02-15T19:49:49","date_gmt":"2013-02-15T19:49:49","guid":{"rendered":"http:\/\/prezesm.kylos.pl\/chnk\/?page_id=24"},"modified":"2026-04-03T06:51:21","modified_gmt":"2026-04-03T06:51:21","slug":"kontakt","status":"publish","type":"page","link":"https:\/\/www.chnk.pl\/?page_id=24","title":{"rendered":"Kontakt"},"content":{"rendered":"<p>Parafia Rzymskokatolicka pw. Chrystusa Najwy\u017cszego Kap\u0142ana w Poznaniu&nbsp;<\/p>\n<p>os. Lecha 44<\/p>\n<p>61- 293 Pozna\u0144<\/p>\n<p>E &#8211; mail: chrystusanajkaplana@interia.pl<\/p>\n<p>Tel: 61 877-88-79<\/p>\n<p>Nr. konta: 62 1020 4027 0000 1402 0034 7930<\/p>\n","protected":false},"excerpt":{"rendered":"<p>Parafia Rzymskokatolicka pw. Chrystusa Najwy\u017cszego Kap\u0142ana w Poznaniu&nbsp; os. Lecha 44 61- 293 Pozna\u0144 E &#8211; mail: chrystusanajkaplana@interia.pl Tel: 61 877-88-79 Nr. konta: 62 1020 4027 0000 1402 0034 7930<\/p>\n","protected":false},"author":1,"featured_media":0,"parent":0,"menu_order":0,"comment_status":"open","ping_status":"open","template":"","meta":{"ngg_post_thumbnail":0,"footnotes":""},"_links":{"self":[{"href":"https:\/\/www.chnk.pl\/index.php?rest_route=\/wp\/v2\/pages\/24"}],"collection":[{"href":"https:\/\/www.chnk.pl\/index.php?rest_route=\/wp\/v2\/pages"}],"about":[{"href":"https:\/\/www.chnk.pl\/index.php?rest_route=\/wp\/v2\/types\/page"}],"author":[{"embeddable":true,"href":"https:\/\/www.chnk.pl\/index.php?rest_route=\/wp\/v2\/users\/1"}],"replies":[{"embeddable":true,"href":"https:\/\/www.chnk.pl\/index.php?rest_route=%2Fwp%2Fv2%2Fcomments&post=24"}],"version-history":[{"count":7,"href":"https:\/\/www.chnk.pl\/index.php?rest_route=\/wp\/v2\/pages\/24\/revisions"}],"predecessor-version":[{"id":4674,"href":"https:\/\/www.chnk.pl\/index.php?rest_route=\/wp\/v2\/pages\/24\/revisions\/4674"}],"wp:attachment":[{"href":"https:\/\/www.chnk.pl\/index.php?rest_route=%2Fwp%2Fv2%2Fmedia&parent=24"}],"curies":[{"name":"wp","href":"https:\/\/api.w.org\/{rel}","templated":true}]}}