{"id":1373,"date":"2016-08-28T08:52:11","date_gmt":"2016-08-28T08:52:11","guid":{"rendered":"http:\/\/www.chnk.pl\/?page_id=1373"},"modified":"2025-11-29T20:15:19","modified_gmt":"2025-11-29T20:15:19","slug":"grupy-i-wspolnoty","status":"publish","type":"page","link":"https:\/\/www.chnk.pl\/?page_id=1373","title":{"rendered":"Grupy i Wsp\u00f3lnoty"},"content":{"rendered":"<p><a href=\"https:\/\/www.chnk.pl\/?p=4569&amp;preview=true\">Duszpasterstwo Dzieci<\/a><\/p>\n<p>Schola Parafialna<\/p>\n<p>Duszpasterstwo M\u0142odzie\u017cy&nbsp;<\/p>\n<p>Grupa Anonimowych Alkoholik\u00f3w<\/p>\n<p>Grupa Bierzmowanych<\/p>\n<p>Grupa Sprz\u0105taj\u0105ca<\/p>\n<p>Katechezy doros\u0142ych<\/p>\n<p>Ministranci<\/p>\n<p>Ministranci Seniorzy<\/p>\n<p>Nadzwyczajni Szafarze Komunii&nbsp;<\/p>\n<p>Rada Duszpasterska<\/p>\n<p>Rada Ekonomiczna<\/p>\n<p>Spotkania Biblijne<\/p>\n<p>Spotkania &#8221; W drodze&#8221; ( dla ma\u0142\u017ce\u0144stw z dzie\u0107mi )<\/p>\n<p>Stowarzyszenie Matki Bo\u017cej Patronki Dobrej \u015amierci<\/p>\n<p>Wsp\u00f3lnota R\u00f3\u017ca\u0144cowych R\u00f3\u017c<\/p>\n<p>Duchowa Adopcja Dziecka Pocz\u0119tego<\/p>\n<p>Zakrystianie<\/p>\n","protected":false},"excerpt":{"rendered":"<p>Duszpasterstwo Dzieci Schola Parafialna Duszpasterstwo M\u0142odzie\u017cy&nbsp; Grupa Anonimowych Alkoholik\u00f3w Grupa Bierzmowanych Grupa Sprz\u0105taj\u0105ca Katechezy doros\u0142ych Ministranci Ministranci Seniorzy Nadzwyczajni Szafarze Komunii&nbsp; Rada Duszpasterska Rada Ekonomiczna Spotkania Biblijne Spotkania &#8221; W drodze&#8221; ( dla ma\u0142\u017ce\u0144stw z dzie\u0107mi ) Stowarzyszenie Matki Bo\u017cej Patronki Dobrej \u015amierci Wsp\u00f3lnota R\u00f3\u017ca\u0144cowych R\u00f3\u017c Duchowa Adopcja Dziecka Pocz\u0119tego Zakrystianie<\/p>\n","protected":false},"author":3,"featured_media":0,"parent":0,"menu_order":0,"comment_status":"closed","ping_status":"closed","template":"","meta":{"ngg_post_thumbnail":0,"footnotes":""},"_links":{"self":[{"href":"https:\/\/www.chnk.pl\/index.php?rest_route=\/wp\/v2\/pages\/1373"}],"collection":[{"href":"https:\/\/www.chnk.pl\/index.php?rest_route=\/wp\/v2\/pages"}],"about":[{"href":"https:\/\/www.chnk.pl\/index.php?rest_route=\/wp\/v2\/types\/page"}],"author":[{"embeddable":true,"href":"https:\/\/www.chnk.pl\/index.php?rest_route=\/wp\/v2\/users\/3"}],"replies":[{"embeddable":true,"href":"https:\/\/www.chnk.pl\/index.php?rest_route=%2Fwp%2Fv2%2Fcomments&post=1373"}],"version-history":[{"count":8,"href":"https:\/\/www.chnk.pl\/index.php?rest_route=\/wp\/v2\/pages\/1373\/revisions"}],"predecessor-version":[{"id":4573,"href":"https:\/\/www.chnk.pl\/index.php?rest_route=\/wp\/v2\/pages\/1373\/revisions\/4573"}],"wp:attachment":[{"href":"https:\/\/www.chnk.pl\/index.php?rest_route=%2Fwp%2Fv2%2Fmedia&parent=1373"}],"curies":[{"name":"wp","href":"https:\/\/api.w.org\/{rel}","templated":true}]}}